{"id":449,"date":"2026-01-12T13:18:30","date_gmt":"2026-01-12T13:18:30","guid":{"rendered":"https:\/\/romanalina.com\/?page_id=449"},"modified":"2026-01-12T13:20:54","modified_gmt":"2026-01-12T13:20:54","slug":"blog","status":"publish","type":"page","link":"https:\/\/romanalina.com\/it\/blog\/","title":{"rendered":"Blog"},"content":{"rendered":"<div id=\"fws_69e8a29658265\"  data-column-margin=\"default\" data-midnight=\"dark\"  class=\"wpb_row vc_row-fluid vc_row\"  style=\"padding-top: 0px; padding-bottom: 0px; \"><div class=\"row-bg-wrap\" data-bg-animation=\"none\" data-bg-animation-delay=\"\" data-bg-overlay=\"false\"><div class=\"inner-wrap row-bg-layer\" ><div class=\"row-bg viewport-desktop\"  style=\"\"><\/div><\/div><\/div><div class=\"row_col_wrap_12 col span_12 dark left\">\n\t<div  class=\"vc_col-sm-12 wpb_column column_container vc_column_container col no-extra-padding inherit_tablet inherit_phone\"  data-padding-pos=\"all\" data-has-bg-color=\"false\" data-bg-color=\"\" data-bg-opacity=\"1\" data-animation=\"\" data-delay=\"0\" >\n\t\t<div class=\"vc_column-inner\" >\n\t\t\t<div class=\"wpb_wrapper\">\n\t\t\t\t\n<div class=\"nectar-rotating-words-title\"  data-rotation=\"1500\" data-mobile=\"inline\">\n  <h1 class=\"heading\"><span class=\"beginning-text\">Blog<\/span>  <span class=\"dynamic-words\" data-inherit-heading-family=\"default\">\n    <span class=\"text-wrap active\"><span><span><\/span><\/span><\/span>  <\/span>\n  <\/h1>\n<\/div>\n<div class=\"row\">\n\n <div class=\"post-area col  span_12 col_last masonry auto_meta_overlaid_spaced\" data-ams=\"\" data-remove-post-date=\"\" data-remove-post-author=\"\" data-remove-post-comment-number=\"\" data-remove-post-nectar-love=\"\"> <div class=\"posts-container\" data-load-animation=\"fade_in\">     \n     \n<article id=\"post-538\" class=\"masonry-blog-item post-538 post type-post status-publish format-standard has-post-thumbnail category-femei-de-succes\">  \n    \n  <div class=\"inner-wrap animated\">\n    \n    <div class=\"post-content\">\n\n      <div class=\"content-inner\">\n        \n        <a class=\"entire-meta-link\" href=\"https:\/\/romanalina.com\/it\/10-secrete-ale-femeilor-de-succes\/\" aria-label=\"10 Secrete ale Femeilor de Succes\"><\/a>\n        \n        <span class=\"post-featured-img\"><img loading=\"lazy\" decoding=\"async\" width=\"800\" height=\"800\" src=\"https:\/\/romanalina.com\/wp-content\/uploads\/2026\/03\/PHOTO-2026-02-04-11-29-06-800x800.jpg\" class=\"attachment-medium_featured size-medium_featured skip-lazy wp-post-image\" alt=\"\" title=\"\" sizes=\"auto, (min-width: 690px) 50vw, 100vw\" srcset=\"https:\/\/romanalina.com\/wp-content\/uploads\/2026\/03\/PHOTO-2026-02-04-11-29-06-800x800.jpg 800w, https:\/\/romanalina.com\/wp-content\/uploads\/2026\/03\/PHOTO-2026-02-04-11-29-06-300x300.jpg 300w, https:\/\/romanalina.com\/wp-content\/uploads\/2026\/03\/PHOTO-2026-02-04-11-29-06-1024x1024.jpg 1024w, https:\/\/romanalina.com\/wp-content\/uploads\/2026\/03\/PHOTO-2026-02-04-11-29-06-150x150.jpg 150w, https:\/\/romanalina.com\/wp-content\/uploads\/2026\/03\/PHOTO-2026-02-04-11-29-06-768x768.jpg 768w, https:\/\/romanalina.com\/wp-content\/uploads\/2026\/03\/PHOTO-2026-02-04-11-29-06-12x12.jpg 12w, https:\/\/romanalina.com\/wp-content\/uploads\/2026\/03\/PHOTO-2026-02-04-11-29-06-100x100.jpg 100w, https:\/\/romanalina.com\/wp-content\/uploads\/2026\/03\/PHOTO-2026-02-04-11-29-06-140x140.jpg 140w, https:\/\/romanalina.com\/wp-content\/uploads\/2026\/03\/PHOTO-2026-02-04-11-29-06-500x500.jpg 500w, https:\/\/romanalina.com\/wp-content\/uploads\/2026\/03\/PHOTO-2026-02-04-11-29-06-350x350.jpg 350w, https:\/\/romanalina.com\/wp-content\/uploads\/2026\/03\/PHOTO-2026-02-04-11-29-06-1000x1000.jpg 1000w, https:\/\/romanalina.com\/wp-content\/uploads\/2026\/03\/PHOTO-2026-02-04-11-29-06.jpg 1080w\" \/><\/span>        \n        <div class=\"article-content-wrap\">\n          \n          <span class=\"meta-category\"><a class=\"femei-de-succes\" href=\"https:\/\/romanalina.com\/it\/category\/femei-de-succes\/\">Femei de succes<\/a><\/span>          \n          <div class=\"post-header\">\n            <h3 class=\"title\"><a href=\"https:\/\/romanalina.com\/it\/10-secrete-ale-femeilor-de-succes\/\"> 10 Secrete ale Femeilor de Succes<\/a><\/h3>\n                      <\/div>\n          \n        <\/div><!--article-content-wrap-->\n        \n      <\/div><!--\/content-inner-->\n        \n    <\/div><!--\/post-content-->\n      \n  <\/div><!--\/inner-wrap-->\n    \n<\/article>     \n     \n<article id=\"post-441\" class=\"masonry-blog-item post-441 post type-post status-publish format-standard has-post-thumbnail category-mamici\">  \n    \n  <div class=\"inner-wrap animated\">\n    \n    <div class=\"post-content\">\n\n      <div class=\"content-inner\">\n        \n        <a class=\"entire-meta-link\" href=\"https:\/\/romanalina.com\/it\/nu-renunta-la-tine-dupa-ce-devii-mamica\/\" aria-label=\"Non rinunciare a te stessa dopo essere diventata madre\"><\/a>\n        \n        <span class=\"post-featured-img\"><img loading=\"lazy\" decoding=\"async\" width=\"800\" height=\"800\" src=\"https:\/\/romanalina.com\/wp-content\/uploads\/2026\/01\/WhatsApp-Image-2026-01-13-at-15.09.23-800x800.jpeg\" class=\"attachment-medium_featured size-medium_featured skip-lazy wp-post-image\" alt=\"\" title=\"\" sizes=\"auto, (min-width: 690px) 50vw, 100vw\" srcset=\"https:\/\/romanalina.com\/wp-content\/uploads\/2026\/01\/WhatsApp-Image-2026-01-13-at-15.09.23-800x800.jpeg 800w, https:\/\/romanalina.com\/wp-content\/uploads\/2026\/01\/WhatsApp-Image-2026-01-13-at-15.09.23-300x300.jpeg 300w, https:\/\/romanalina.com\/wp-content\/uploads\/2026\/01\/WhatsApp-Image-2026-01-13-at-15.09.23-1024x1024.jpeg 1024w, https:\/\/romanalina.com\/wp-content\/uploads\/2026\/01\/WhatsApp-Image-2026-01-13-at-15.09.23-150x150.jpeg 150w, https:\/\/romanalina.com\/wp-content\/uploads\/2026\/01\/WhatsApp-Image-2026-01-13-at-15.09.23-768x768.jpeg 768w, https:\/\/romanalina.com\/wp-content\/uploads\/2026\/01\/WhatsApp-Image-2026-01-13-at-15.09.23-1536x1536.jpeg 1536w, https:\/\/romanalina.com\/wp-content\/uploads\/2026\/01\/WhatsApp-Image-2026-01-13-at-15.09.23-100x100.jpeg 100w, https:\/\/romanalina.com\/wp-content\/uploads\/2026\/01\/WhatsApp-Image-2026-01-13-at-15.09.23-140x140.jpeg 140w, https:\/\/romanalina.com\/wp-content\/uploads\/2026\/01\/WhatsApp-Image-2026-01-13-at-15.09.23-500x500.jpeg 500w, https:\/\/romanalina.com\/wp-content\/uploads\/2026\/01\/WhatsApp-Image-2026-01-13-at-15.09.23-350x350.jpeg 350w, https:\/\/romanalina.com\/wp-content\/uploads\/2026\/01\/WhatsApp-Image-2026-01-13-at-15.09.23-1000x1000.jpeg 1000w, https:\/\/romanalina.com\/wp-content\/uploads\/2026\/01\/WhatsApp-Image-2026-01-13-at-15.09.23.jpeg 1600w\" \/><\/span>        \n        <div class=\"article-content-wrap\">\n          \n          <span class=\"meta-category\"><a class=\"mamici\" href=\"https:\/\/romanalina.com\/it\/category\/mamici\/\">Mamme<\/a><\/span>          \n          <div class=\"post-header\">\n            <h3 class=\"title\"><a href=\"https:\/\/romanalina.com\/it\/nu-renunta-la-tine-dupa-ce-devii-mamica\/\"> Non rinunciare a te stessa dopo essere diventata madre<\/a><\/h3>\n                      <\/div>\n          \n        <\/div><!--article-content-wrap-->\n        \n      <\/div><!--\/content-inner-->\n        \n    <\/div><!--\/post-content-->\n      \n  <\/div><!--\/inner-wrap-->\n    \n<\/article>    \n    <\/div><!--\/posts container-->\n    \n      \n<\/div><!--\/post area-->\n\n  \n\n<\/div>\n\n\n\t\t\t<\/div> \n\t\t<\/div>\n\t<\/div> \n<\/div><\/div>","protected":false},"excerpt":{"rendered":"La maternitate, odat\u0103 cu bebelu\u0219ul, prime\u0219ti, f\u0103r\u0103 s\u0103 semnezi vreun contract, o \u201eagend\u0103 invizibil\u0103\u201d plin\u0103 de responsabilit\u0103\u021bi pentru urm\u0103torii 20 de ani sau mai mult. Acolo apar trecute, cu litere...","protected":false},"author":1,"featured_media":0,"parent":0,"menu_order":0,"comment_status":"closed","ping_status":"closed","template":"","meta":{"footnotes":""},"class_list":["post-449","page","type-page","status-publish"],"_links":{"self":[{"href":"https:\/\/romanalina.com\/it\/wp-json\/wp\/v2\/pages\/449","targetHints":{"allow":["GET"]}}],"collection":[{"href":"https:\/\/romanalina.com\/it\/wp-json\/wp\/v2\/pages"}],"about":[{"href":"https:\/\/romanalina.com\/it\/wp-json\/wp\/v2\/types\/page"}],"author":[{"embeddable":true,"href":"https:\/\/romanalina.com\/it\/wp-json\/wp\/v2\/users\/1"}],"replies":[{"embeddable":true,"href":"https:\/\/romanalina.com\/it\/wp-json\/wp\/v2\/comments?post=449"}],"version-history":[{"count":2,"href":"https:\/\/romanalina.com\/it\/wp-json\/wp\/v2\/pages\/449\/revisions"}],"predecessor-version":[{"id":451,"href":"https:\/\/romanalina.com\/it\/wp-json\/wp\/v2\/pages\/449\/revisions\/451"}],"wp:attachment":[{"href":"https:\/\/romanalina.com\/it\/wp-json\/wp\/v2\/media?parent=449"}],"curies":[{"name":"wp","href":"https:\/\/api.w.org\/{rel}","templated":true}]}}